{"id":41,"date":"2019-05-11T13:23:58","date_gmt":"2019-05-11T13:23:58","guid":{"rendered":"http:\/\/verhaling.nl\/?page_id=41"},"modified":"2019-05-12T19:03:14","modified_gmt":"2019-05-12T19:03:14","slug":"over-mij","status":"publish","type":"page","link":"http:\/\/verhaling.nl\/?page_id=41","title":{"rendered":"Over mij"},"content":{"rendered":"\n<div class=\"wp-block-image\"><figure class=\"alignleft\"><a href=\"http:\/\/verhaling.nl\/wp-content\/uploads\/2019\/05\/mauriceberix-m.jpg\"><img loading=\"lazy\" decoding=\"async\" width=\"240\" height=\"300\" src=\"http:\/\/verhaling.nl\/wp-content\/uploads\/2019\/05\/mauriceberix-kl.jpg\" alt=\"Maurice Berix\" class=\"wp-image-104\"\/><\/a><figcaption>Maurice Berix<\/figcaption><\/figure><\/div>\n\n\n\n<p>Eigenlijk gek dat ik het me nu pas realiseer. Een ontwerper,\neen maker, dat ben ik altijd al geweest. Als jochie van 8 speelde ik hele dagen\nmet de lego. De standaard bouwbeschrijvingen konden mij niet lang boeien \u2013 ik\nschiep liever mijn eigen wereld van blokjes in primaire kleuren. Ontwerpen,\nbouwen en spelen, ach dat doe ik eigenlijk nog steeds het allerliefst.<\/p>\n\n\n\n<p>Ik ben als ontwerper opgeleid aan de Willem de Kooning Academie in Rotterdam en aan de Z\u00fcrcher Hochschule der K\u00fcnste in Z\u00fcrich. Ontwerpend werken is voor mij: werken vanuit de bedoeling. Inductief en iteratief. Kortcyclisch. Klein en betekenisvol. Ik ontwerp interventies in organisatieontwikkeling \u2013 dialogisch en gericht op individuele professionals en hun teams. Werken met verhalen is mijn kracht. <\/p>\n\n\n\n<p>Mijn professionele thuisbasis is de provincie Zuid-Holland. Dat is de organisatie waar ik nu 25 jaar werk in verschillende rollen, sinds 2015 als adviseur verandercommunicatie, facilitator en storyteller. Ik vind het leuk om mijn kennis en expertise ook voor andere organisaties in te zetten.<\/p>\n","protected":false},"excerpt":{"rendered":"<p>Eigenlijk gek dat ik het me nu pas realiseer. Een ontwerper, een maker, dat ben&hellip;<\/p>\n","protected":false},"author":1,"featured_media":0,"parent":0,"menu_order":0,"comment_status":"closed","ping_status":"closed","template":"","meta":{"footnotes":""},"class_list":["post-41","page","type-page","status-publish","hentry"],"_links":{"self":[{"href":"http:\/\/verhaling.nl\/index.php?rest_route=\/wp\/v2\/pages\/41","targetHints":{"allow":["GET"]}}],"collection":[{"href":"http:\/\/verhaling.nl\/index.php?rest_route=\/wp\/v2\/pages"}],"about":[{"href":"http:\/\/verhaling.nl\/index.php?rest_route=\/wp\/v2\/types\/page"}],"author":[{"embeddable":true,"href":"http:\/\/verhaling.nl\/index.php?rest_route=\/wp\/v2\/users\/1"}],"replies":[{"embeddable":true,"href":"http:\/\/verhaling.nl\/index.php?rest_route=%2Fwp%2Fv2%2Fcomments&post=41"}],"version-history":[{"count":4,"href":"http:\/\/verhaling.nl\/index.php?rest_route=\/wp\/v2\/pages\/41\/revisions"}],"predecessor-version":[{"id":110,"href":"http:\/\/verhaling.nl\/index.php?rest_route=\/wp\/v2\/pages\/41\/revisions\/110"}],"wp:attachment":[{"href":"http:\/\/verhaling.nl\/index.php?rest_route=%2Fwp%2Fv2%2Fmedia&parent=41"}],"curies":[{"name":"wp","href":"https:\/\/api.w.org\/{rel}","templated":true}]}}